{"id":93,"date":"2017-03-22T21:18:50","date_gmt":"2017-03-23T00:18:50","guid":{"rendered":"http:\/\/lideb.biol.unlp.edu.ar\/?page_id=93"},"modified":"2023-02-27T06:07:11","modified_gmt":"2023-02-27T09:07:11","slug":"investigacion","status":"publish","type":"page","link":"https:\/\/lideb.biol.unlp.edu.ar\/?page_id=93","title":{"rendered":"Investigaci\u00f3n"},"content":{"rendered":"<blockquote>\n<h1 style=\"text-align: right;\"><strong>Principales L\u00edneas de Investigaci\u00f3n<\/strong><\/h1>\n<\/blockquote>\n<ul>\n<li>\n<h2>Descubrimiento de nuevos agentes anticonvulsivos con potencial para el tratamiento de epilepsias refractarias, con \u00e9nfasis en aquellos que re\u00fanan caracter\u00edsticas farmacodin\u00e1micas y\/o farmacocin\u00e9ticas novedosas.<\/h2>\n<\/li>\n<li>\n<h2>Reposicionamiento de f\u00e1rmacos asistido por computadora orientado a soluciones terap\u00e9uticas para enfermedades infecciosas tropicales y desatendidas, tales como enfermedad de Chagas, Equinococosis, Toxoplasmosis y Malaria.<\/h2>\n<\/li>\n<li>\n<h2>Desarrollo de nanoveh\u00edculos farmac\u00e9uticos destinados a mejorar el perfil biofarmac\u00e9utico\/farmacocin\u00e9tico y toxicol\u00f3gico de principios activos de uso cl\u00ednico.<\/h2>\n<\/li>\n<\/ul>\n<blockquote>\n<h1 style=\"text-align: right;\"><strong>Proyectos Internacionales<\/strong><\/h1>\n<\/blockquote>\n<ul>\n<li>\n<h2>Miembros de la red INDRE, Red Internacional de Investigaci\u00f3n en el S\u00edndorme de Dravet y la epilepsia refractaria.<\/h2>\n<\/li>\n<li>\n<h2>Miembro del consorcio financiado por el Urgence COVID-19 Fundraising Campaign of Institut Pasteur and of FOCEM (Fondo para la Convergencia Estructural del Mercosur), grant number COF 03\/11).<\/h2>\n<\/li>\n<li>\n<h2>Partner del proyecto T2020-154 financiado por el Global Health Innovative Technology Fund y de sus convenios de inversi\u00f3n y colaboraci\u00f3n asociados.<\/h2>\n<\/li>\n<li>\n<h2>Responsable t\u00e9cnico del convenio de colaboraci\u00f3n entre ApoyoDravet y UNLP.<\/h2>\n<\/li>\n<li>\n<h2>El LIDeB es uno de los nodos en la UNLP del proyecto Marie Curie RISE H2020 REFRACT (Repeat protein Function Refinement, Annotation and Classification of Topologies).<\/h2>\n<\/li>\n<\/ul>\n<blockquote>\n<h1 style=\"text-align: right;\"><strong>Red de Colaboraciones<\/strong><\/h1>\n<\/blockquote>\n<h3>Dras. Luisa Rocha Arrieta (CONACyT, M\u00e9xico); Dra. Mar\u00eda Dolores L\u00f3pez Garc\u00eda (Directora Lab. Trastornos Audiomotores. Instituto de Neurociencias de Castilla y Le\u00f3n, Universidad de Salamanca); Dr. Marcelo Comini (Laboratorio de. Biolog\u00eda redox de tripanosom\u00e1tidos, Institut Pasteur Montevideo); Dra. Catalina Alba Soto (Laboratorio de Inmunolog\u00eda y Patog\u00e9nesis Parasitarias,nstituto de Investigaciones en Microbiolog\u00eda y Parasitolog\u00eda M\u00e9dica); Dr. Guillermo Alonso (Laboratorio de Se\u00f1alizaci\u00f3n y Mecanismos Adaptativos en Tripanosom\u00e1tidos, Instituto de Investigaciones en Ingenier\u00eda Gen\u00e9tica y Biolog\u00eda Molecular); Dres. Ver\u00f3nica Milesi y Pedro Martin (nstituto de Estudios Inmunol\u00f3gicos y Fisiopatol\u00f3gicos); Dra. Carolina Carrillo (Instituto de Ciencia y Tecnolog\u00eda C\u00e9sar Milstein); Maria Corvi (Instituto Tecnol\u00f3gico de Chascom\u00fas); Dr. Emir Salas Sarduy (Instituto de Investigaciones Biotecnol\u00f3gicas); Dr. Germ\u00e1n Isl\u00e1n (Centro de Investigaciones y Desarrollo de Fermentaciones Industriales); Dr. Guillermo Castro (Nanomedicine Nucleus, Universidade Federal do ABC); Dr. Claudiu Supur\u00e1n (Universita di Firenze); Dras. Betina C\u00f3rsico y Gisela Franchini (Instituto de Investigaciones Bioqu\u00edmicas de La Plata).<\/h3>\n<h2><\/h2>\n","protected":false},"excerpt":{"rendered":"<p>Principales L\u00edneas de Investigaci\u00f3n Descubrimiento de nuevos agentes anticonvulsivos con potencial para el tratamiento de epilepsias refractarias, con \u00e9nfasis en aquellos que re\u00fanan caracter\u00edsticas farmacodin\u00e1micas y\/o farmacocin\u00e9ticas novedosas. Reposicionamiento de f\u00e1rmacos asistido por computadora orientado a soluciones terap\u00e9uticas para enfermedades <a href=\"https:\/\/lideb.biol.unlp.edu.ar\/?page_id=93\" class=\"read-more\">Leer M\u00e1s<\/a><\/p>\n","protected":false},"author":4,"featured_media":1037,"parent":0,"menu_order":0,"comment_status":"closed","ping_status":"closed","template":"","meta":{"footnotes":""},"class_list":["post-93","page","type-page","status-publish","has-post-thumbnail","hentry"],"_links":{"self":[{"href":"https:\/\/lideb.biol.unlp.edu.ar\/index.php?rest_route=\/wp\/v2\/pages\/93","targetHints":{"allow":["GET"]}}],"collection":[{"href":"https:\/\/lideb.biol.unlp.edu.ar\/index.php?rest_route=\/wp\/v2\/pages"}],"about":[{"href":"https:\/\/lideb.biol.unlp.edu.ar\/index.php?rest_route=\/wp\/v2\/types\/page"}],"author":[{"embeddable":true,"href":"https:\/\/lideb.biol.unlp.edu.ar\/index.php?rest_route=\/wp\/v2\/users\/4"}],"replies":[{"embeddable":true,"href":"https:\/\/lideb.biol.unlp.edu.ar\/index.php?rest_route=%2Fwp%2Fv2%2Fcomments&post=93"}],"version-history":[{"count":14,"href":"https:\/\/lideb.biol.unlp.edu.ar\/index.php?rest_route=\/wp\/v2\/pages\/93\/revisions"}],"predecessor-version":[{"id":1331,"href":"https:\/\/lideb.biol.unlp.edu.ar\/index.php?rest_route=\/wp\/v2\/pages\/93\/revisions\/1331"}],"wp:featuredmedia":[{"embeddable":true,"href":"https:\/\/lideb.biol.unlp.edu.ar\/index.php?rest_route=\/wp\/v2\/media\/1037"}],"wp:attachment":[{"href":"https:\/\/lideb.biol.unlp.edu.ar\/index.php?rest_route=%2Fwp%2Fv2%2Fmedia&parent=93"}],"curies":[{"name":"wp","href":"https:\/\/api.w.org\/{rel}","templated":true}]}}