{"id":470,"date":"2017-04-25T18:13:43","date_gmt":"2017-04-25T21:13:43","guid":{"rendered":"http:\/\/lideb.biol.unlp.edu.ar\/?page_id=470"},"modified":"2024-09-16T17:31:00","modified_gmt":"2024-09-16T20:31:00","slug":"tesis-doctorales","status":"publish","type":"page","link":"https:\/\/lideb.biol.unlp.edu.ar\/?page_id=470","title":{"rendered":"Tesis Doctorales"},"content":{"rendered":"<h1 style=\"text-align: left;\"><span style=\"color: #003366;\">En ejecuci\u00f3n<br \/><\/span><\/h1>\n<blockquote>\n<p><span data-sheets-formula-bar-text-style=\"font-size:13px;color:#000000;font-weight:normal;text-decoration:none;font-family:'Arial';font-style:normal;text-decoration-skip-ink:none;\"><strong>Mar\u00eda Virginia Chaulet<\/strong>. &#8220;Cribado virtual de agentes moduladores del canal de protones Hv1 como estrategia terap\u00e9utica en la carcinog\u00e9nesis mamaria&#8221; Directora: Luciana Gavernet. Codirectora: Clara Ventura 2022-2027<\/span><\/p>\n<p><span data-sheets-formula-bar-text-style=\"font-size:13px;color:#000000;font-weight:normal;text-decoration:none;font-family:'Arial';font-style:normal;text-decoration-skip-ink:none;\"><strong>Estefan\u00eda Peralta.<\/strong> &#8220;Cribado Virtual aplicado a la b\u00fasqueda de nuevos f\u00e1rmacos antiepil\u00e9pticos para el tratamiento de la epilepsia refractaria&#8221;. Directora Carolina L. Bellera. 2021-2026<\/span><\/p>\n<p><span data-sheets-formula-bar-text-style=\"font-size:13px;color:#000000;font-weight:normal;text-decoration:none;font-family:'Arial';font-style:normal;text-decoration-skip-ink:none;\"><strong>Emilia M. Barrionuevo<\/strong>. &#8220;Actividad anticonvulsiva de \u00e1cidos grasos: screening in silico e in vivo&#8221;. Director Alan Talevi. 2020-2025<\/span><\/p>\n<p><span data-sheets-formula-bar-text-style=\"font-size:13px;color:#000000;font-weight:normal;text-decoration:none;font-family:'Arial';font-style:normal;text-decoration-skip-ink:none;\"><strong>Maximiliano J. Fallico.<\/strong> &#8220;B\u00fasqueda de nuevos compuestos anticonvulsivos para el tratamiento del s\u00edndrome de Dravet &#8221; Directora Luciana Gavernet Codirector Alan Talevi. 2020-2025<\/span><\/p>\n<p><span data-sheets-formula-bar-text-style=\"font-size:13px;color:#000000;font-weight:normal;text-decoration:none;font-family:'Arial';font-style:normal;text-decoration-skip-ink:none;\"><strong>Caram Franco.<\/strong> &#8220;B\u00fasqueda asistida por computadora de nuevos inhibidores de la germinaci\u00f3n de esporos de Clostridium difficile&#8221; Directores Carolina Bellera y Fernando Trejo. 2020-2025<\/span><\/p>\n<p>\u00a0<\/p>\n<\/blockquote>\n<h1 style=\"text-align: left;\"><span style=\"color: #003366;\">Aprobadas<\/span><\/h1>\n<blockquote>\n<h2>2024<\/h2>\n<p><strong>Giuliana Muraca.<\/strong> <span style=\"font-weight: 400;\">\u201cObtenci\u00f3n y evaluaci\u00f3n precl\u00ednica de nanoveh\u00edculos farmac\u00e9uticos para el tratamiento de la enfermedad de Chagas\u201d. Directores: Guido Pesce, Alan Talevi. Codirector: Germ\u00e1n Islan.<\/span><\/p>\n<span data-sheets-formula-bar-text-style=\"font-size:13px;color:#000000;font-weight:normal;text-decoration:none;font-family:'Arial';font-style:normal;text-decoration-skip-ink:none;\"><strong>Santiago Rodr\u00edguez.<\/strong> &#8220;Dise\u00f1o racional de drogas antihelm\u00ednticas basado en el an\u00e1lisis estructura funci\u00f3n de prote\u00ednas que unen \u00e1cidos grasos (FABPs) de cestodes mediante t\u00e9cnicas bioinform\u00e1ticas y quimioinform\u00e1ticas&#8221; Director: Gisela Franchini Codirector Alan Talevi. <\/span><\/blockquote>\n<blockquote>\n<p><span style=\"color: #294a70; font-family: 'Merriweather Sans', sans-serif; font-size: 20px;\">2022<\/span><\/p>\n<p><em><strong>Federico Gar\u00f3falo<\/strong><\/em>. &#8220;S\u00edntesis de nuevas mol\u00e9culas multiobjetivo derivadas del \u00e1cido valproico con actividad anticonvulsiva&#8221;. Directora: Dra. Luciana Gavernet.<\/p>\n<p><em><strong>Manuel A. Llanos<\/strong><\/em>. &#8220;Descubrimiento de nuevos anticonvulsivos que act\u00faan mediante interacciones con canales i\u00f3nicos&#8221;. Directora: Dra. Luciana Gavernet, Codirector: Dr. Pedro Mart\u00edn. <a href=\"http:\/\/sedici.unlp.edu.ar\/handle\/10915\/140503\">http:\/\/sedici.unlp.edu.ar\/handle\/10915\/140503<\/a><\/p>\n<p><em><strong>Juan Ignacio Alice<\/strong><\/em>. &#8220;B\u00fasqueda de nuevos f\u00e1rmacos antichag\u00e1sicos inhibidoresde la Tripanoti\u00f3n sintetasa&#8221;. Director: Dr. Alan Talevi, Codirectora: Dra. Carolina Bellera. <a href=\"http:\/\/sedici.unlp.edu.ar\/handle\/10915\/137336\">http:\/\/sedici.unlp.edu.ar\/handle\/10915\/137336<\/a><\/p>\n<p><em><strong>Juan Francisco Morales<\/strong><\/em>. &#8220;Desarrollo de filtros in silico orientados a optimizar el desarrollo de nuevos f\u00e1rmacos destinados al sistema nervioso central&#8221;. Director: Dr. Alan Talevi, Codirectora: Dra. Mar\u00eda Esperanza Ruiz. <a href=\"http:\/\/sedici.unlp.edu.ar\/handle\/10915\/136180\" target=\"_blank\" rel=\"noopener noreferrer\">http:\/\/sedici.unlp.edu.ar\/handle\/10915\/136180<\/a><\/p>\n<p>\u00a0<\/p>\n<h2>2021<\/h2>\n<p><em><strong>Sebasti\u00e1n Scioli Montoto<\/strong><\/em>. &#8220;Desarrollo racional de sistemas terap\u00e9uticos nanom\u00e9tricos para el tratamiento de la epilepsia refractaria&#8221;. Directora: Dra. Mar\u00eda Esperanza Ruiz, Codirectores: Dr. Guillermo Castro, Dr. Guido Pesce. http:\/\/sedici.unlp.edu.ar\/handle\/10915\/121877<\/p>\n<p>\u00a0<\/p>\n<h2>2020<\/h2>\n<p><em><strong>Sof\u00eda Goicoechea<\/strong><\/em>. &#8220;Tamizado virtual aplicado a la b\u00fasqueda de nuevos f\u00e1rmacos antiepil\u00e9pticos activos en el modelo de 6Hz&#8221;. Director: Dr. Luis E. Bruno-Blanch, Codirectora: Dra. Carolina Bellera. <a href=\"http:\/\/sedici.unlp.edu.ar\/handle\/10915\/100890\">http:\/\/sedici.unlp.edu.ar\/handle\/10915\/100890<\/a><\/p>\n<p><em><strong>Laureano Sabatier<\/strong><\/em>. &#8220;Dise\u00f1o, s\u00edntesis y evaluaci\u00f3n biol\u00f3gica de nuevos derivados de alfa-hidroxiamidas como agentes anticonvulsivos&#8221;. Directora: Dra. Luciana Gavernet, Codirector: Dr. Pablo Palestro. <a href=\"http:\/\/sedici.unlp.edu.ar\/handle\/10915\/93992\" target=\"_blank\" rel=\"noopener noreferrer\">http:\/\/sedici.unlp.edu.ar\/handle\/10915\/93992<\/a><\/p>\n<p>\u00a0<\/p>\n<h2>2018<\/h2>\n<p><em><strong>Lucas N. Alberca<\/strong><\/em>. &#8220;B\u00fasqueda asistida por computadora de nuevos f\u00e1rmacos antichag\u00e1sicos an\u00e1logos de poliaminas&#8221;. Director: Dr. Alan Talevi, Codirectora: Dra. Carolina Carrillo. <a href=\"http:\/\/sedici.unlp.edu.ar\/handle\/10915\/72607\" target=\"_blank\" rel=\"noopener noreferrer\">http:\/\/sedici.unlp.edu.ar\/handle\/10915\/58631<\/a><\/p>\n<p>\u00a0<\/p>\n<h2>2016<\/h2>\n<p><em><strong>Andrea V. Enrique<\/strong><\/em>. &#8220;Desarrollo de un modelo de convulsiones farmacorresistentes en ratones. Evaluaci\u00f3n de nuevos f\u00e1rmacos para el control de la farmacorresistencia&#8221;. Director: Dr. Luis E. Bruno-Blanch, Codirectoras: Dra. Mariel Marder, Dra. Elena Girardi. <a href=\"http:\/\/sedici.unlp.edu.ar\/handle\/10915\/58631\" target=\"_blank\" rel=\"noopener noreferrer\">http:\/\/sedici.unlp.edu.ar\/handle\/10915\/58631<\/a><\/p>\n<p><em><strong>Melisa E. Gantner<\/strong><\/em>. &#8220;Topolog\u00eda molecular aplicada al reconocimiento de sustratos de la Prote\u00edna de Resistencia del C\u00e1ncer de Mama (BCRP)&#8221;. Director: Dr. Alan Talevi.\u00a0 <a href=\"http:\/\/sedici.unlp.edu.ar\/handle\/10915\/57704\" target=\"_blank\" rel=\"noopener noreferrer\">http:\/\/sedici.unlp.edu.ar\/handle\/10915\/57704<\/a><\/p>\n<p><em><strong>Pablo H. Palestro<\/strong><\/em>. &#8220;B\u00fasqueda de nuevos anticonvulsivos a partir de m\u00e9todos computacionales&#8221;. Directora: Dra. Luciana Gavernet, Codirector: Dr. Luis E. Bruno-Blanch. <a href=\"http:\/\/sedici.unlp.edu.ar\/handle\/10915\/53752\" target=\"_blank\" rel=\"noopener noreferrer\">http:\/\/sedici.unlp.edu.ar\/handle\/10915\/53752<\/a><\/p>\n<p><em><strong>Mar\u00eda Luisa Villalba<\/strong><\/em>. &#8220;S\u00edntesis de sulfamidas con acci\u00f3n anticonvulsiva&#8221;. Director: Dr. Luis E. Bruno-Blanch, Codirectora: Dra. Luciana Gavernet.\u00a0 <a href=\"http:\/\/sedici.unlp.edu.ar\/handle\/10915\/53069\" target=\"_blank\" rel=\"noopener noreferrer\">http:\/\/sedici.unlp.edu.ar\/handle\/10915\/53069<\/a><\/p>\n<p>\u00a0<\/p>\n<h2>2015<\/h2>\n<p><em><strong>Mauricio E. Di Ianni<\/strong><\/em>. &#8220;Topolog\u00eda molecular aplicada a la b\u00fasqueda de nuevos f\u00e1rmacos para el tratamiento de la epilepsia refractaria&#8221;. Director: Dr. Luis E. Bruno-Blanch, Codirector: Dr. Alan Talevi. <a href=\"http:\/\/sedici.unlp.edu.ar\/handle\/10915\/51575\" target=\"_blank\" rel=\"noopener noreferrer\">http:\/\/sedici.unlp.edu.ar\/handle\/10915\/51575<\/a><\/p>\n<p>\u00a0<\/p>\n<h2>2014<\/h2>\n<p><em><strong>Carolina L. Bellera<\/strong><\/em>. &#8220;B\u00fasqueda racional de nuevos f\u00e1rmacos antichag\u00e1sicos inhibidores de la cruzipa\u00edna&#8221;. Director: Dr. Luis E. Bruno-Blanch, Codirector: Dr. Alan Talevi. <a href=\"http:\/\/sedici.unlp.edu.ar\/handle\/10915\/43315\" target=\"_blank\" rel=\"noopener noreferrer\">http:\/\/sedici.unlp.edu.ar\/handle\/10915\/43315<\/a><\/p>\n<p>\u00a0<\/p>\n<h2>2011<\/h2>\n<p><em><strong>Valentina Pastore<\/strong><\/em>. &#8220;S\u00edntesis y determinaci\u00f3n de la actividad anticonvulsiva de N-derivados de 1, 2, 3- oxatiazolidinas-4-onas-2,2- di\u00f3xidos.&#8221;. Director: Dr. Luis E. Bruno-Blanch.<\/p>\n<p><em><strong>Gisela Samaja<\/strong><\/em>. &#8220;Noveles heterociclos con actividad anticonvulsivante derivados del myo-inositol y \u00e1cido valproico&#8221;. Director: Dr. Luis E. Bruno-Blanch. <a href=\"http:\/\/sedici.unlp.edu.ar\/handle\/10915\/26098\" target=\"_blank\" rel=\"noopener noreferrer\">http:\/\/sedici.unlp.edu.ar\/handle\/10915\/26098<\/a><\/p>\n<p>\u00a0<\/p>\n<h2>2007<\/h2>\n<p><em><strong>Alan Talevi<\/strong><\/em>. &#8220;Screening virtual basado en topolog\u00eda molecular: una nueva metodolog\u00eda en el descubrimiento de agentes anticonvulsivos&#8221;. Director: Eduardo A. Castro, Codirector: Dr. Luis E. Bruno-Blanch. <a href=\"http:\/\/sedici.unlp.edu.ar\/handle\/10915\/2353\" target=\"_blank\" rel=\"noopener noreferrer\">http:\/\/sedici.unlp.edu.ar\/handle\/10915\/2353<\/a><\/p>\n<p>\u00a0<\/p>\n<h2>2006<\/h2>\n<p><em><strong>Luciana Gavernet<\/strong><\/em>. &#8220;Dise\u00f1o y s\u00edntesis de f\u00e1rmacos con acci\u00f3n en el sistema nervioso central. Sulfamidas anticonvulsivas&#8221;. Directora: Guillermina Esti\u00fa, Codirector: Dr. Luis E. Bruno-Blanch. <a href=\"http:\/\/sedici.unlp.edu.ar\/handle\/10915\/2326\" target=\"_blank\" rel=\"noopener noreferrer\">http:\/\/sedici.unlp.edu.ar\/handle\/10915\/2326<\/a><\/p>\n<p><em><strong>Sung Chin Moon<\/strong><\/em>. &#8220;S\u00edntesis de nuevos compuestos anticonvulsivos. Amidas y \u00e9steres del \u00c1cido Valproico&#8221;. Director: Dr. Luis E. Bruno-Blanch.<\/p>\n<p><em><strong>Ivana A. Barrios<\/strong><\/em>. &#8220;Sulfamatos y sulfamidas alif\u00e1ticas: su acci\u00f3n anticonvulsiva. Dise\u00f1o, s\u00edntesis y actividad farmacol\u00f3gica&#8221;. Director: Dr. Luis E. Bruno-Blanch.<\/p>\n<\/blockquote>\n<h1>\u00a0<\/h1>\n\n\n<p><\/p>\n","protected":false},"excerpt":{"rendered":"<p>En ejecuci\u00f3n Mar\u00eda Virginia Chaulet. &#8220;Cribado virtual de agentes moduladores del canal de protones Hv1 como estrategia terap\u00e9utica en la carcinog\u00e9nesis mamaria&#8221; Directora: Luciana Gavernet. Codirectora: Clara Ventura 2022-2027 Estefan\u00eda Peralta. &#8220;Cribado Virtual aplicado a la b\u00fasqueda de nuevos f\u00e1rmacos <a href=\"https:\/\/lideb.biol.unlp.edu.ar\/?page_id=470\" class=\"read-more\">Leer M\u00e1s<\/a><\/p>\n","protected":false},"author":4,"featured_media":0,"parent":93,"menu_order":3,"comment_status":"closed","ping_status":"closed","template":"","meta":{"footnotes":""},"class_list":["post-470","page","type-page","status-publish","hentry"],"_links":{"self":[{"href":"https:\/\/lideb.biol.unlp.edu.ar\/index.php?rest_route=\/wp\/v2\/pages\/470","targetHints":{"allow":["GET"]}}],"collection":[{"href":"https:\/\/lideb.biol.unlp.edu.ar\/index.php?rest_route=\/wp\/v2\/pages"}],"about":[{"href":"https:\/\/lideb.biol.unlp.edu.ar\/index.php?rest_route=\/wp\/v2\/types\/page"}],"author":[{"embeddable":true,"href":"https:\/\/lideb.biol.unlp.edu.ar\/index.php?rest_route=\/wp\/v2\/users\/4"}],"replies":[{"embeddable":true,"href":"https:\/\/lideb.biol.unlp.edu.ar\/index.php?rest_route=%2Fwp%2Fv2%2Fcomments&post=470"}],"version-history":[{"count":31,"href":"https:\/\/lideb.biol.unlp.edu.ar\/index.php?rest_route=\/wp\/v2\/pages\/470\/revisions"}],"predecessor-version":[{"id":1411,"href":"https:\/\/lideb.biol.unlp.edu.ar\/index.php?rest_route=\/wp\/v2\/pages\/470\/revisions\/1411"}],"up":[{"embeddable":true,"href":"https:\/\/lideb.biol.unlp.edu.ar\/index.php?rest_route=\/wp\/v2\/pages\/93"}],"wp:attachment":[{"href":"https:\/\/lideb.biol.unlp.edu.ar\/index.php?rest_route=%2Fwp%2Fv2%2Fmedia&parent=470"}],"curies":[{"name":"wp","href":"https:\/\/api.w.org\/{rel}","templated":true}]}}