{"id":356,"date":"2017-04-07T20:22:39","date_gmt":"2017-04-07T23:22:39","guid":{"rendered":"http:\/\/lideb.biol.unlp.edu.ar\/?page_id=356"},"modified":"2025-12-02T09:59:04","modified_gmt":"2025-12-02T12:59:04","slug":"quienes-somos","status":"publish","type":"page","link":"https:\/\/lideb.biol.unlp.edu.ar\/?page_id=356","title":{"rendered":"\u00bfQuienes Somos?"},"content":{"rendered":"<p>El Laboratorio de Investigaci\u00f3n y Desarrollo de Bioactivos (LIDeB) pertenece a la Facultad de Ciencias Exactas, Universidad Nacional de La Plata.<\/p>\n<p>El grupo de investigaci\u00f3n de Qu\u00edmica Medicinal se inicia en 1998 liderado por el Prof. Dr. Luis Bruno-Blanch centrando su inter\u00e9s al descubrimiento y desarrollo de f\u00e1rmacos antiepil\u00e9pticos mediante la aplicaci\u00f3n de distintas metodolog\u00edas que abarcan, en forma integral, todas las etapas de la b\u00fasqueda racional de nuevos f\u00e1rmacos: dise\u00f1o de f\u00e1rmacos asistido por computadora, s\u00edntesis org\u00e1nica y evaluaciones farmacol\u00f3gicas (etapa precl\u00ednica). Desde el 2010 se ampl\u00edan las l\u00edneas de investigaci\u00f3n sumando a las l\u00edneas de epilepsia el desarrollo y cribado farmacol\u00f3gico de compuestos qu\u00edmicos con potencial terap\u00e9utico en el tratamiento de la enfermedad de Chagas y desarrollo, caracterizaci\u00f3n y evaluaci\u00f3n precl\u00ednica de acarreadores farmac\u00e9uticos micro y nanoparticulados.<\/p>\n<p>En el a\u00f1o 2013 el Consejo Directivo de la Facultad aprueba la creaci\u00f3n del Laboratorio (Resoluci\u00f3n N\u00b0<span style=\"font-weight: 400;\">1079 del 9\/06\/2013) y posteriormente el Consejo Superior de la UNLP aprueba la creaci\u00f3n definitiva del LIDeB (Resoluci\u00f3n\u00a0N\u00ba: \u00a0174 del 12\/05\/2015)<\/span><\/p>\n<div style=\"clear: both;\">\u00a0<\/div>\n\n\n<div class=\"wp1s-slider-wrapper wp1s-slider-wrapper-29083 \">  \r\n    <div class=\"wp1s-main-wrapper\">\r\n      \r\n\r\n    <div class=\"wp1s-slider-container wp1s-pager-type-1 wp1s-arrow-type-1 wp1s-pagination\">\r\n    <ul class=\"wp1s-bxslider\" data-id=\"29083\" data-auto='true' data-speed='1000' data-pause='900' data-transition='horizontal' data-controls='true' data-responsive='true' data-pager='dot' >\r\n            <li>\r\n            <img decoding=\"async\" src=\"https:\/\/lideb.biol.unlp.edu.ar\/wp-content\/uploads\/2019\/02\/IMG_6648.jpg\" \/>\r\n            <div class=\"wp1s-caption-wrapper wp1s-caption-type-3 wp1s-caption-topcenter\">\r\n            <h1 class=\"wp1s-caption-title\"><\/h1>\r\n            <h2 class=\"wp1s-caption-content\"><\/h2>\r\n                        <\/div>\r\n        <\/li>\r\n            <li>\r\n            <img decoding=\"async\" src=\"https:\/\/lideb.biol.unlp.edu.ar\/wp-content\/uploads\/2020\/07\/tauber3.jpg\" \/>\r\n            <div class=\"wp1s-caption-wrapper wp1s-caption-type-3 wp1s-caption-topcenter\">\r\n            <h1 class=\"wp1s-caption-title\"><\/h1>\r\n            <h2 class=\"wp1s-caption-content\"><\/h2>\r\n                        <\/div>\r\n        <\/li>\r\n            <li>\r\n            <img decoding=\"async\" src=\"https:\/\/lideb.biol.unlp.edu.ar\/wp-content\/uploads\/2020\/07\/tauber1.jpg\" \/>\r\n            <div class=\"wp1s-caption-wrapper wp1s-caption-type-3 wp1s-caption-topcenter\">\r\n            <h1 class=\"wp1s-caption-title\"><\/h1>\r\n            <h2 class=\"wp1s-caption-content\"><\/h2>\r\n                        <\/div>\r\n        <\/li>\r\n            <li>\r\n            <img decoding=\"async\" src=\"http:\/\/lideb.biol.unlp.edu.ar\/wp-content\/uploads\/2017\/04\/workshop.jpg\" \/>\r\n            <div class=\"wp1s-caption-wrapper wp1s-caption-type-3 wp1s-caption-topcenter\">\r\n            <h1 class=\"wp1s-caption-title\"><\/h1>\r\n            <h2 class=\"wp1s-caption-content\"><\/h2>\r\n                        <\/div>\r\n        <\/li>\r\n            <li>\r\n            <img decoding=\"async\" src=\"https:\/\/lideb.biol.unlp.edu.ar\/wp-content\/uploads\/2020\/07\/IMG_5941.jpg\" \/>\r\n            <div class=\"wp1s-caption-wrapper wp1s-caption-type-3 wp1s-caption-topcenter\">\r\n            <h1 class=\"wp1s-caption-title\"><\/h1>\r\n            <h2 class=\"wp1s-caption-content\"><\/h2>\r\n                        <\/div>\r\n        <\/li>\r\n        <\/ul>\r\n    <\/div>\r\n<\/div>\r\n      <\/div>\r\n   <style>\r\n\r\n.wp1s-slider-wrapper-29083 {\r\n    \r\n     width:70%;   \r\n}\r\n\r\n.wp1s-slider-wrapper-29083 .wp1s-caption-wrapper.wp1s-caption-type-1 .wp1s-caption-title{\r\n\r\n    font-size:60px;\r\n   \r\n}\r\n\r\n.wp1s-slider-wrapper-29083 .wp1s-caption-wrapper.wp1s-caption-type-1 .wp1s-caption-content{\r\n   \r\n    font-size: 24px;\r\n    \r\n}\r\n.wp1s-slider-wrapper-29083 .wp1s-caption-wrapper.wp1s-caption-type-2 .wp1s-caption-title {\r\n    font-size:60px;\r\n    background-color:rgba(125,165,82,0.8);\r\n   \r\n}\r\n.wp1s-slider-wrapper-29083 .wp1s-caption-wrapper.wp1s-caption-type-2 .wp1s-caption-content {\r\n    font-size:24px;\r\n\r\n}\r\n.wp1s-slider-wrapper-29083 .wp1s-caption-wrapper.wp1s-caption-type-3 .wp1s-caption-title {\r\n    font-size:60px;\r\n    border-bottom:7px solid #2ed1ff;\r\n}\r\n.wp1s-slider-wrapper-29083 .wp1s-caption-wrapper.wp1s-caption-type-3 .wp1s-caption-content {\r\n    font-size:24px;\r\n   \r\n}\r\n.wp1s-slider-wrapper-29083 .wp1s-caption-wrapper.wp1s-caption-type-4  {\r\n   \r\n    background-color:rgba(124,118,118,0.6);\r\n\r\n}\r\n.wp1s-slider-wrapper-29083 .wp1s-caption-wrapper.wp1s-caption-type-4 .wp1s-caption-title {\r\n    font-size:60px;\r\n\r\n}\r\n.wp1s-slider-wrapper-29083 .wp1s-caption-wrapper.wp1s-caption-type-4 .wp1s-caption-content {\r\n    font-size:24px;\r\n}\r\n.wp1s-slider-wrapper-29083 .wp1s-caption-wrapper .wp1s-caption-title {\r\n    color:#000000;\r\n}\r\n.wp1s-slider-wrapper-29083 .wp1s-caption-wrapper .wp1s-caption-content {\r\n    color:#eaeaea;\r\n}\r\n.wp1s-slider-wrapper-29083 .wp1s-main-wrapper .wp1s-pager-type-1 .bx-wrapper .bx-pager.bx-default-pager a {\r\n    background-color:#ffffff;\r\n}\r\n.wp1s-slider-wrapper-29083 .wp1s-main-wrapper .wp1s-pager-type-1 .bx-wrapper .bx-pager.bx-default-pager a:hover, \r\n.wp1s-slider-wrapper-29083 .wp1s-main-wrapper .wp1s-pager-type-1 .bx-wrapper .bx-pager.bx-default-pager a.active {\r\n    background-color:#3bb1f4;\r\n}\r\n.wp1s-slider-wrapper-29083 .wp1s-main-wrapper .wp1s-pager-type-2 .bx-wrapper .bx-pager.bx-default-pager a {\r\n    background-color:#635e5e;\r\n    border:3px solid #979191;\r\n}\r\n.wp1s-slider-wrapper-29083 .wp1s-main-wrapper .wp1s-pager-type-2 .bx-wrapper .bx-pager.bx-default-pager a:hover, \r\n.wp1s-slider-wrapper-29083 .wp1s-main-wrapper .wp1s-pager-type-2 .bx-wrapper .bx-pager.bx-default-pager a.active {\r\n    background-color:#ffffff;\r\n}\r\n.wp1s-slider-wrapper-29083 .wp1s-main-wrapper .wp1s-pager-type-3 .bx-wrapper .bx-pager.bx-default-pager a {\r\n    border:1px solid #ffffff;\r\n   \r\n}\r\n.wp1s-slider-wrapper-29083 .wp1s-main-wrapper .wp1s-pager-type-3 .bx-wrapper .bx-pager.bx-default-pager a:hover, \r\n.wp1s-slider-wrapper-29083 .wp1s-main-wrapper .wp1s-pager-type-3 .bx-wrapper .bx-pager.bx-default-pager a.active {\r\n    border-color:#ff9600;\r\n}\r\n.wp1s-slider-wrapper-29083 .wp1s-main-wrapper .wp1s-pager-type-4 .bx-wrapper .bx-pager.bx-default-pager a {\r\n    background-color:#7a7a7a;\r\n    \r\n}\r\n.wp1s-slider-wrapper-29083 .wp1s-main-wrapper .wp1s-pager-type-4 .bx-wrapper .bx-pager.bx-default-pager a:hover, \r\n.wp1s-slider-wrapper-29083 .wp1s-main-wrapper .wp1s-pager-type-4 .bx-wrapper .bx-pager.bx-default-pager a.active {\r\n    background-color:#ffffff;\r\n}\r\n.wp1s-slider-wrapper-29083 .wp1s-caption-wrapper.wp1s-caption-type-1 .wps1-readmore-button {\r\n    background-color: #078f8a;\r\n    box-shadow: 0 2px 0 #056460;\r\n    -webkit-box-shadow: 0 2px 0 #056460;\r\n    -moz-box-shadow: 0 2px 0 #056460;\r\n}\r\n.wp1s-slider-wrapper-29083 .wp1s-caption-wrapper.wp1s-caption-type-1 .wps1-readmore-button:hover {\r\n    background-color:#08a39d;\r\n}\r\n@media (max-width:1200px) {\r\n.wp1s-slider-wrapper-29083 .wp1s-slider-wrapper {\r\nwidth:100%;\r\n}\r\n}\r\n.wp1s-widget-wrap .wp1s-caption-wrapper {\r\n\r\ndisplay: block;\r\n}\r\n\r\n.wp1s-widget-wrap .wp1s-thumbnail-wrapper {\r\ndisplay: none;\r\n}\r\n\r\n<\/style>\n","protected":false},"excerpt":{"rendered":"<p>El Laboratorio de Investigaci\u00f3n y Desarrollo de Bioactivos (LIDeB) pertenece a la Facultad de Ciencias Exactas, Universidad Nacional de La Plata. El grupo de investigaci\u00f3n de Qu\u00edmica Medicinal se inicia en 1998 liderado por el Prof. Dr. Luis Bruno-Blanch centrando <a href=\"https:\/\/lideb.biol.unlp.edu.ar\/?wp1slider=colaboraciones\" class=\"read-more\">Leer M\u00e1s<\/a><\/p>\n","protected":false},"author":4,"featured_media":1379,"parent":251,"menu_order":0,"comment_status":"closed","ping_status":"closed","template":"","meta":{"footnotes":""},"class_list":["post-356","page","type-page","status-publish","has-post-thumbnail","hentry"],"_links":{"self":[{"href":"https:\/\/lideb.biol.unlp.edu.ar\/index.php?rest_route=\/wp\/v2\/pages\/356","targetHints":{"allow":["GET"]}}],"collection":[{"href":"https:\/\/lideb.biol.unlp.edu.ar\/index.php?rest_route=\/wp\/v2\/pages"}],"about":[{"href":"https:\/\/lideb.biol.unlp.edu.ar\/index.php?rest_route=\/wp\/v2\/types\/page"}],"author":[{"embeddable":true,"href":"https:\/\/lideb.biol.unlp.edu.ar\/index.php?rest_route=\/wp\/v2\/users\/4"}],"replies":[{"embeddable":true,"href":"https:\/\/lideb.biol.unlp.edu.ar\/index.php?rest_route=%2Fwp%2Fv2%2Fcomments&post=356"}],"version-history":[{"count":12,"href":"https:\/\/lideb.biol.unlp.edu.ar\/index.php?rest_route=\/wp\/v2\/pages\/356\/revisions"}],"predecessor-version":[{"id":1492,"href":"https:\/\/lideb.biol.unlp.edu.ar\/index.php?rest_route=\/wp\/v2\/pages\/356\/revisions\/1492"}],"up":[{"embeddable":true,"href":"https:\/\/lideb.biol.unlp.edu.ar\/index.php?rest_route=\/wp\/v2\/pages\/251"}],"wp:featuredmedia":[{"embeddable":true,"href":"https:\/\/lideb.biol.unlp.edu.ar\/index.php?rest_route=\/wp\/v2\/media\/1379"}],"wp:attachment":[{"href":"https:\/\/lideb.biol.unlp.edu.ar\/index.php?rest_route=%2Fwp%2Fv2%2Fmedia&parent=356"}],"curies":[{"name":"wp","href":"https:\/\/api.w.org\/{rel}","templated":true}]}}