{"id":251,"date":"2017-04-05T21:24:15","date_gmt":"2017-04-06T00:24:15","guid":{"rendered":"http:\/\/lideb.biol.unlp.edu.ar\/?page_id=251"},"modified":"2022-12-19T06:47:04","modified_gmt":"2022-12-19T09:47:04","slug":"institucional","status":"publish","type":"page","link":"https:\/\/lideb.biol.unlp.edu.ar\/?page_id=251","title":{"rendered":"Institucional"},"content":{"rendered":"<blockquote>\n<h2 style=\"text-align: center;\">Laboratorio de Investigaci\u00f3n y Desarrollo de Bioactivos<\/h2>\n<h2 style=\"text-align: center;\">Facultad de Ciencias Exactas | Universidad Nacional de La Plata<\/h2>\n<\/blockquote>\n<h3><\/h3>\n<h3>Objetivos Generales<\/h3>\n<p>El Laboratorio tiene como objetivo generar un espacio propicio para la investigaci\u00f3n cient\u00edfica y para la formaci\u00f3n de recursos humanos particularmente especializados en el campo del Dise\u00f1o de F\u00e1rmacos, mediante las distintas metodolog\u00edas que permiten su desarrollo.<\/p>\n<h3>Misi\u00f3n<\/h3>\n<p><span data-sheets-formula-bar-text-style=\"font-size:13px;color:#000000;font-weight:normal;text-decoration:none;font-family:'Arial';font-style:normal;text-decoration-skip-ink:none;\">El LIDeB tiene por misi\u00f3n fundamental la identificaci\u00f3n y desarrollo de nuevos compuestos con potencial uso farmacol\u00f3gico, con especial foco en enfermedades raras y desatendidas, y la formaci\u00f3n de recursos humanos de excelencia en el campo del descubrimiento de f\u00e1rmacos. Abordamos el desarrollo de nuevas soluciones terap\u00e9uticas de manera integral, desde la identificaci\u00f3n y dise\u00f1o guiados por computadora, hasta la s\u00edntesis qu\u00edmica y la evaluaci\u00f3n farmacol\u00f3gica. <\/span><\/p>\n<h3>Visi\u00f3n<\/h3>\n<p>El LIDeB aspira a constituirse, a nivel local y regional, como un centro de referencia en la identificaci\u00f3n y desarrollo de nuevos candidatos a f\u00e1rmaco. A su ves, nos interesa aportar a la comunidad cient\u00edfica y acad\u00e9mica herramientas quimioinform\u00e1ticas de c\u00f3digo abierto, mancomun\u00e1ndonos con organizaciones dedicadas al desarrollo cooperativo de conocimiento.<\/p>\n<h3>Director:<\/h3>\n<p>Prof. Dr. Alan Talevi<\/p>\n<h3>Consejo Asesor:<\/h3>\n<p>Investigadoras: Prof. Dra. Luciana Gavernet \/ Prof. Dra. Mar\u00eda Esperanza Ruiz \/ Prof. Dra. Carolina Bellera<br \/>\nBecarios: Farm. Sebasti\u00e1n Scioli Montoto<\/p>\n","protected":false},"excerpt":{"rendered":"<p>Laboratorio de Investigaci\u00f3n y Desarrollo de Bioactivos Facultad de Ciencias Exactas | Universidad Nacional de La Plata Objetivos Generales El Laboratorio tiene como objetivo generar un espacio propicio para la investigaci\u00f3n cient\u00edfica y para la formaci\u00f3n de recursos humanos particularmente <a href=\"https:\/\/lideb.biol.unlp.edu.ar\/?page_id=251\" class=\"read-more\">Leer M\u00e1s<\/a><\/p>\n","protected":false},"author":4,"featured_media":1032,"parent":0,"menu_order":0,"comment_status":"closed","ping_status":"closed","template":"","meta":{"footnotes":""},"class_list":["post-251","page","type-page","status-publish","has-post-thumbnail","hentry"],"_links":{"self":[{"href":"https:\/\/lideb.biol.unlp.edu.ar\/index.php?rest_route=\/wp\/v2\/pages\/251","targetHints":{"allow":["GET"]}}],"collection":[{"href":"https:\/\/lideb.biol.unlp.edu.ar\/index.php?rest_route=\/wp\/v2\/pages"}],"about":[{"href":"https:\/\/lideb.biol.unlp.edu.ar\/index.php?rest_route=\/wp\/v2\/types\/page"}],"author":[{"embeddable":true,"href":"https:\/\/lideb.biol.unlp.edu.ar\/index.php?rest_route=\/wp\/v2\/users\/4"}],"replies":[{"embeddable":true,"href":"https:\/\/lideb.biol.unlp.edu.ar\/index.php?rest_route=%2Fwp%2Fv2%2Fcomments&post=251"}],"version-history":[{"count":13,"href":"https:\/\/lideb.biol.unlp.edu.ar\/index.php?rest_route=\/wp\/v2\/pages\/251\/revisions"}],"predecessor-version":[{"id":1318,"href":"https:\/\/lideb.biol.unlp.edu.ar\/index.php?rest_route=\/wp\/v2\/pages\/251\/revisions\/1318"}],"wp:featuredmedia":[{"embeddable":true,"href":"https:\/\/lideb.biol.unlp.edu.ar\/index.php?rest_route=\/wp\/v2\/media\/1032"}],"wp:attachment":[{"href":"https:\/\/lideb.biol.unlp.edu.ar\/index.php?rest_route=%2Fwp%2Fv2%2Fmedia&parent=251"}],"curies":[{"name":"wp","href":"https:\/\/api.w.org\/{rel}","templated":true}]}}