{"id":121,"date":"2017-03-22T21:22:31","date_gmt":"2017-03-23T00:22:31","guid":{"rendered":"http:\/\/lideb.biol.unlp.edu.ar\/?page_id=121"},"modified":"2024-09-16T19:06:43","modified_gmt":"2024-09-16T22:06:43","slug":"premios","status":"publish","type":"page","link":"https:\/\/lideb.biol.unlp.edu.ar\/?page_id=121","title":{"rendered":"Premios"},"content":{"rendered":"<h1 style=\"text-align: center;\">Premios<a href=\"http:\/\/lideb.biol.unlp.edu.ar\/wp-content\/uploads\/2017\/03\/005-certificate.png\"><img loading=\"lazy\" decoding=\"async\" class=\" wp-image-242 aligncenter\" src=\"http:\/\/lideb.biol.unlp.edu.ar\/wp-content\/uploads\/2017\/03\/005-certificate-300x300.png\" alt=\"\" width=\"210\" height=\"210\" srcset=\"https:\/\/lideb.biol.unlp.edu.ar\/wp-content\/uploads\/2017\/03\/005-certificate-300x300.png 300w, https:\/\/lideb.biol.unlp.edu.ar\/wp-content\/uploads\/2017\/03\/005-certificate-150x150.png 150w, https:\/\/lideb.biol.unlp.edu.ar\/wp-content\/uploads\/2017\/03\/005-certificate-270x270.png 270w, https:\/\/lideb.biol.unlp.edu.ar\/wp-content\/uploads\/2017\/03\/005-certificate.png 512w\" sizes=\"auto, (max-width: 210px) 100vw, 210px\" \/><\/a><\/h1>\n<blockquote>\n<h3>2022<\/h3>\n<\/blockquote>\n<p><span style=\"font-weight: 400;\">Menci\u00f3n especial de la Sociedad Argentina de Investigaci\u00f3n Cl\u00ednica Categor\u00eda Pharmacology and related topics, al trabajo: \u201cCOMPUTER-GUIDED IDENTIFICATION OF NEW INHIBITORS OF CLOSTRIDIUM DIFFICILE SPORE GERMINATION\u201d. Autores: Franco Caram, Fernando Trejo, Pablo F. P\u00e9rez, Alan Talevi, Carolina Bellera. Mar del Plata, noviembre<\/span><\/p>\n<blockquote>\n<h3>2020<\/h3>\n<\/blockquote>\n<p><span id=\"fbPhotoSnowliftCaption\" class=\"fbPhotosPhotoCaption\" tabindex=\"0\" aria-live=\"polite\" data-ft=\"{&quot;tn&quot;:&quot;K&quot;}\"><span class=\"hasCaption\">Franco Caram recibi\u00f3 recibi\u00f3 un Tony B. Academic Travel Awards 2020 por parte de Society for Laboratory Automation and Screening (SLAS), San Diego, Enero.<\/span><\/span><\/p>\n<blockquote>\n<h3>2019<\/h3>\n<\/blockquote>\n<p>Lucas Alberca egresado Distinguido de Posgrado 2019 por la Universidad Nacional de La Plata.<\/p>\n<p>Lucas Alberca recibi\u00f3 el Premio Dr. Enrique H. Ducloux &#8211; Asociaci\u00f3n Qu\u00edmica Argentina, por su Tesis de Doctorado en el \u00e1rea de Qu\u00edmica Te\u00f3rica (Qu\u00edmica Medicinal), diciembre.<\/p>\n<p><span id=\"fbPhotoSnowliftCaption\" class=\"fbPhotosPhotoCaption\" tabindex=\"0\" aria-live=\"polite\" data-ft=\"{&quot;tn&quot;:&quot;K&quot;}\"><span class=\"hasCaption\">Franco Caram recibi\u00f3 un\u00a0 Travel Award 2019 por parte de Wellcome Genome Campus Advanced Courses and Scientific Conferences, para asistir al curso &#8220;Working with Protozoan Parasite Database Resources&#8221;, Uruguay, Julio.<\/span><\/span><\/p>\n<p><span id=\"fbPhotoSnowliftCaption\" class=\"fbPhotosPhotoCaption\" tabindex=\"0\" aria-live=\"polite\" data-ft=\"{&quot;tn&quot;:&quot;K&quot;}\"><span class=\"hasCaption\">Carolina Bellera recibi\u00f3 un Tony B. Academic Travel Awards 2019 por parte de Society for Laboratory Automation and Screening (SLAS), Barcelona, Junio.<\/span><\/span><\/p>\n<p><span id=\"fbPhotoSnowliftCaption\" class=\"fbPhotosPhotoCaption\" tabindex=\"0\" aria-live=\"polite\" data-ft=\"{&quot;tn&quot;:&quot;K&quot;}\"><span class=\"hasCaption\">Manuel Llanos recibi\u00f3 un Tony B. Academic Travel Awards 2019 por parte de Society for Laboratory Automation and Screening (SLAS), Barcelona, Junio.<\/span><\/span><\/p>\n<p>Primer Premio al Mejor Trabajo presentado en el XXXII Congreso Argentino de Qu\u00ecmico \u00c1rea Qu\u00edmica Org\u00e1nica: &#8220;SINTESIS DE 4-HIDROXIBENZAMIDAS. BIOISOSTEROS DE PARABENOS INHIBIDORES DE CANALES DE SODIO&#8221; Autores: Federico M. Garofalo, Laureano L. Sabatier, Andrea V. Enrique, Alan Talevi, Luciana Gavernet.<\/p>\n<p>Primer Premio al Mejor Trabajo presentado en el XXXII Congreso Argentino de Qu\u00ecmico \u00c1rea Qu\u00edmica Medicinal: &#8220;NOVELES AMIDAS Y HETEROCICLOS CON ACTIVIDAD ANTICONVULSIVA&#8221; Autores: Laureano L. Sabatier, Pablo H. Palestro, Andrea V. Enrique, Valentina Pastore, Pedro Martin, Luciana Gavernet.<\/p>\n<p><span id=\"fbPhotoSnowliftCaption\" class=\"fbPhotosPhotoCaption\" tabindex=\"0\" aria-live=\"polite\" data-ft=\"{&quot;tn&quot;:&quot;K&quot;}\"><span class=\"hasCaption\">Manuel Llanos recibi\u00f3 un Tony B. Academic Travel Awards 2019 por parte de Society for Laboratory Automation and Screening (SLAS), San Diego, febrero.<br \/>\n<\/span><\/span><\/p>\n<blockquote>\n<h3>2018<\/h3>\n<\/blockquote>\n<p><span id=\"fbPhotoSnowliftCaption\" class=\"fbPhotosPhotoCaption\" tabindex=\"0\" aria-live=\"polite\" data-ft=\"{&quot;tn&quot;:&quot;K&quot;}\"><span class=\"hasCaption\">Juan Francisco Morales, recibi\u00f3 el premio &#8220;Kroenke Poster Award&#8221; por su trabajo presentado &#8220;Application of Machine learning for predicting bioavailability of drugs in the CNS&#8221; en el 2018 Annual Meeting Highlights realizado por Indiana Clinical and Translational Sciences Institute (CTSI).<br \/>\n<\/span><\/span><\/p>\n<p>Menci\u00f3n otorgada en el <span id=\"fbPhotoSnowliftCaption\" class=\"fbPhotosPhotoCaption\" tabindex=\"0\" aria-live=\"polite\" data-ft=\"{&quot;tn&quot;:&quot;K&quot;}\"><span class=\"hasCaption\"> IX Congreso Argentino de Bioinform\u00e1tica y Biolog\u00eda Computacional al trabajo &#8220;Ab-initio protein modeling of BK channel b1-subunit: comining Rosetta and Enhanced samplingmolecular dynamics&#8221; Autores: Manuel Llanos, Luciana Gavernet. La Plata, noviembre de 2018.<\/span><\/span><\/p>\n<p>Menci\u00f3n de la Sociedad Argentina de Investigaci\u00f3n Cl\u00ednica al Mejor P\u00f3ster Categor\u00eda Neurociencias: &#8220;Parabens reposition as anticonvulsant drugs&#8221;.\u00a0 Autores: Andrea Enrique, Alan Talevi, Ver\u00f3nica Milesi y Pedro Mart\u00edn. Mar del Plata, noviembre 2018.<\/p>\n<p>Premios Tony B. Academic Travel Awards 2018 para Manuel Llanos y Lucas Alberca Becarios Doctorales CONICET.<\/p>\n<p>Publicaci\u00f3n en cat\u00e1logo INNOVAR 2018 (Concurso Nacional de Innovaciones) T\u00edtulo del proyecto: Nanopart\u00edculas lip\u00eddicas para el tratamiento de la epilepsia refractaria . Perfil: Investigador. Tem\u00e1tica principal: Salud. Integrantes: Scioli Montoto S.; Sbaraglini M.L.; Talevi A.; Couyoupetrou M.; Di Ianni M.; Pesce, G.O.; Alvarez V.A.; Bruno-Blanch L.E.; Castro G.R.; Ruiz M.E.; Islan G.A. Publicado en CAT\u00c1LOGO INNOVAR 2018. <a href=\"https:\/\/mia.gob.ar\/uploads\/innovate\/catalogo_innovar_2018.pdf\"> https:\/\/mia.gob.ar\/uploads\/innovate\/catalogo_innovar_2018.pdf<\/a><\/p>\n<blockquote>\n<h3>2017<\/h3>\n<\/blockquote>\n<p>Premio al mejor trabajo presentado en el Congreso Latinoamericano de Parasitolog\u00eda (FLAP). &#8220;<span id=\"fbPhotoSnowliftCaption\" class=\"fbPhotosPhotoCaption\" tabindex=\"0\" aria-live=\"polite\" data-ft=\"{&quot;tn&quot;:&quot;K&quot;}\"><span class=\"hasCaption\">&#8220;In Silico Modeling for the search of new inhibitors of falcipaine 2 of Plasmodium falciparum<\/span><\/span>&#8221; Autores: Alan Talevi, Juan Francisco Morales, Lucas Alberca. Santiago de Chile, diciembre 2017<\/p>\n<p>Premio Dr. Luis Guglialmelli 2017 a la mejor tesis doctoral aprobada en Universidades Argentinas en 2017. \u00c1rea Bio-Org\u00e1nica. \u00a0Titular: Andrea Enrique.\u00a0Instituci\u00f3n: Asociaci\u00f3n Qu\u00edmica Argentina. Buenos Aires, noviembre de 2017.<\/p>\n<p>Premio Dr. Herrero Ducloux 2017 a la mejor tesis doctoral aprobada en Universidades Argentinas en 2017. \u00c1rea Biotecnolog\u00eda (Qu\u00edmica Medicinal). Titular: Melisa Gantner. Instituci\u00f3n: Asociaci\u00f3n Qu\u00edmica Argentina. Buenos Aires, noviembre de 2017.<\/p>\n<p>Premio Ciencia, Tecnolog\u00eda e Innovaci\u00f3n 2017. Congreso Internacional Cient\u00edfico Tecnol\u00f3gico de la Provincia de Buenos Aires. \u00c1rea: F\u00edsica, Matem\u00e1ticas, Qu\u00edmica y Astronom\u00eda. Dra. Luciana Gavernet por su trabajo,\u00a0Inhibidores de Anhidrasa Carb\u00f3nica para el Tratamiento de la Epilepsia Febril.<\/p>\n<p>Menci\u00f3n Especial en NanoMercosur 2017 en el \u00e1rea de Investigaci\u00f3n Aplicada y Desarrollo de Nanotecnolog\u00eda para el Trabajo conjunto entre Laboratorio de Nanomateriales del CINDEFI, LIDeB y el Instituto de Qu\u00edmica de la Universidad de Campinas<br \/>\n&#8220;Plataforma basada en micro-y nano-part\u00edculas h\u00edbridas para aumentar la biodisponibilidad de antibi\u00f3ticos en infecciones pulmonares causadas por biofilms bacterianos.&#8221; Autores:\u00a0German Islan, Toledo,\u00a0Esperanza Ruiz,\u00a0Sebastian Scioli Mont<span class=\"text_exposed_show\">oto<\/span><span class=\"text_exposed_show\">,\u00a0Juan Francisco Morales,\u00a0Malala Sbaraglini,\u00a0Alan Talevi,\u00a0Luis Bruno-Blanch, Dur\u00e1n y\u00a0Guillermo Raul Castro.<\/span><\/p>\n<p>Premio de la Academia Nacional de Farmacia y Bioqu\u00edmica al mejor trabajo de Investigaci\u00f3n 2017 para: \u201cEstrategias basadas en micro- y nano-part\u00edculas h\u00edbridas para aumentar la biodisponibilidad de antibi\u00f3ticos en infecciones pulmonares de dif\u00edcil erradicaci\u00f3n\u201c. Autores: Germ\u00e1n A. Islan; Mar\u00eda E. Ruiz; Sebasti\u00e1n Scioli Montoto; Jose F. Morales; Mar\u00eda L. Sbaraglini; Alan Talevi; Luis Bruno-Blanch; Nelson Dur\u00e1n; Guillermo R. Castro.<\/p>\n<blockquote>\n<h3 style=\"text-align: left;\">2016<\/h3>\n<\/blockquote>\n<p style=\"text-align: left;\">Premio UNLP a la Labor Cient\u00edfica, Tecnol\u00f3gica y Art\u00edstica 2016. Categor\u00eda Investigador Joven por la Facultad de Ciencias Exactas. Titular: Alan Talevi. Instituci\u00f3n: Universidad Nacional de La Plata. La Plata, diciembre 2016.<\/p>\n<p>Premio Dr. Herrero Ducloux 2016 a la mejor tesis doctoral aprobada en Universidades Argentinas en 2016 \u00c1rea Biotecnolog\u00eda (Qu\u00edmica Medicinal). Titular: Mauricio Di Ianni. Instituci\u00f3n: Asociaci\u00f3n Qu\u00edmica Argentina. Buenos Aires, noviembre de 2016.<\/p>\n<p style=\"text-align: left;\">Premio Egresado Distinguido de la carrera de Posgrado UNLP 2015 Facultad de Ciencias Exactas. Titular: Mauricio Di Ianni. Instituci\u00f3n: Universidad Nacional de La Plata. La Plata, noviembre de 2016 .<\/p>\n<p>Menci\u00f3n de Honor The World Life Sciences Forum 2016 . Titular: Lucas N. Alberca.\u00a0Instituci\u00f3n: Biovision. Lyon, Francia, abril de 2016.<\/p>\n<blockquote>\n<h3 style=\"text-align: left;\">2015<\/h3>\n<\/blockquote>\n<p>Premio a la INNOVACI\u00d3N UNLP 2015. Titular: Carolina L. Bellera. Trabajo: Reposicionamiento de f\u00e1rmacos para la enfermedad de Chagas. Instituci\u00f3n: Universidad Nacional de La Plata. La Plata, diciembre de 2015 .<\/p>\n<p>Premio Dr. Luis Guglialmelli 2015 a la mejor tesis doctoral aprobada en Universidades Argentinas en 2015. \u00c1rea Bio-Org\u00e1nica. \u00a0Titular: Carolina L. Bellera.\u00a0Instituci\u00f3n: Asociaci\u00f3n Qu\u00edmica Argentina. Buenos Aires 26 de noviembre de 2015.<\/p>\n<p>Premio a mejor trabajo presentado en el \u00e1rea diagn\u00f3stico y quimioterapia en la XXII reuni\u00f3n anual de la sociedad argentina de protozoolog\u00eda. \u00a0Autores: Sbaraglini, M.L., Bellera C. L., San Vitale Villota G. A., Talevi A., Carrillo C., Alba Soto C. \u00a0T\u00edtulo del Trabajo: Efecto de nuevos inhibidores de cruzipa\u00edna en un modelo de Chagas cr\u00f3nico. Instituci\u00f3n: Sociedad Argentina de Protozoolog\u00eca. Buenos Aires, noviembre de 2015.<\/p>\n<p>Exposici\u00f3n INNOVAR 2015 (MINCYT) y publicaci\u00f3n en cat\u00e1logo INNOVAR 2015 (Concurso Nacional de Innovaciones) T\u00edtulo del proyecto: Efecto neuroprotector del propilparabeno tras stautus epilepticus. Categor\u00eda: Investigaci\u00f3n Aplicada. Integrantes: Talevi, A.; Bruno-Blanch, L.E.; Bellera, C.L.; Rocha Arrieta, L.; Santana, C.; Orozco Sanchez, S. Proyecto seleccionado entre los 250 m\u00e1s importantes del concurso 2015 para ser expuesto en el evento INNOVAR 2015. Publicado en CAT\u00c1LOGO INNOVAR 2015. <a href=\"http:\/\/www.innovar.gob.ar\/catalogo\/\">http:\/\/www.innovar.gob.ar\/catalogo\/<\/a><\/p>\n<blockquote>\n<h3>2014<\/h3>\n<\/blockquote>\n<p>Premio a mejor trabajo presentado en el \u00e1rea diagn\u00f3stico y tratamiento en el X congreso de protozoolog\u00eda y enfermedades parasitarias. \u00a0Autores: Bellera C. L., Balcazar D., Vanrell M. C., Labriola C. A., G\u00e1lvez J., Bruno-Blanch L. E., Romano P., Carrillo C., Talevi A.\u00a0T\u00edtulo del Trabajo:\u00a0 Identification of antichagasic activity of clofazimine, benidipine and saquinavir through computer-aided drug repurposing. Instituci\u00f3n: Sociedad Argentina de Protozoolog\u00eda.\u00a0Fecha: Mar del Plata, noviembre de 2014.<\/p>\n<p>Exposici\u00f3n INNOVAR 2014 (MINCYT) y publicaci\u00f3n en cat\u00e1logo INNOVAR 2014 (Concurso Nacional de Innovaciones) T\u00edtulo del proyecto: Reposicionamiento de f\u00e1rmacos para la enfermedad de chagas. Categor\u00eda: Investigaci\u00f3n Aplicada. Integrantes: Talevi, A.; Bellera, C.L.; Carrillo, C.; Romano, P.; Labriola, C.; Balcazar, D. Proyecto seleccionado entre los 240 m\u00e1s importantes del concurso 2014 para ser expuesto en el evento INNOVAR 2014. Publicado en CATALOGO INNOVAR 2014. <a href=\"http:\/\/www.innovar.gob.ar\/catalogo\/\">http:\/\/www.innovar.gob.ar\/catalogo\/<\/a><\/p>\n<blockquote>\n<h3>2013<\/h3>\n<\/blockquote>\n<p>Premio UNLP a la Labor Cient\u00edfica, Tecnol\u00f3gica y Art\u00edstica 2013. Categor\u00eda Investigador \u00a0Formado por la Facultad de Ciencias Exactas. Titular: Luis E. Bruno-Blanch. Instituci\u00f3n: Universidad Nacional de La Plata. La Plata, diciembre 2013.<\/p>\n<blockquote>\n<h3>2009<\/h3>\n<\/blockquote>\n<p>Premio Dr. Herrero Ducloux 2009 a la mejor tesis doctoral aprobada en Universidades Argentinas en 2008 \u00c1rea Qu\u00edmica Te\u00f3rica. Titular: Alan Talevi. Instituci\u00f3n: Asociaci\u00f3n Qu\u00edmica Argentina. Buenos Aires, noviembre de 2008.<\/p>\n<blockquote>\n<h3>2006<\/h3>\n<\/blockquote>\n<p>Premio Egresado Distinguido de UNLP 2006 Facultad de Ciencias Exactas. Titular: Ma. Esperanza Ruiz. Instituci\u00f3n: Universidad Nacional de La Plata. La Plata, noviembre de 2006.<\/p>\n<h6><\/h6>\n","protected":false},"excerpt":{"rendered":"<p>Premios 2022 Menci\u00f3n especial de la Sociedad Argentina de Investigaci\u00f3n Cl\u00ednica Categor\u00eda Pharmacology and related topics, al trabajo: \u201cCOMPUTER-GUIDED IDENTIFICATION OF NEW INHIBITORS OF CLOSTRIDIUM DIFFICILE SPORE GERMINATION\u201d. Autores: Franco Caram, Fernando Trejo, Pablo F. P\u00e9rez, Alan Talevi, Carolina Bellera. <a href=\"https:\/\/lideb.biol.unlp.edu.ar\/?page_id=121\" class=\"read-more\">Leer M\u00e1s<\/a><\/p>\n","protected":false},"author":4,"featured_media":0,"parent":93,"menu_order":1,"comment_status":"closed","ping_status":"closed","template":"","meta":{"footnotes":""},"class_list":["post-121","page","type-page","status-publish","hentry"],"_links":{"self":[{"href":"https:\/\/lideb.biol.unlp.edu.ar\/index.php?rest_route=\/wp\/v2\/pages\/121","targetHints":{"allow":["GET"]}}],"collection":[{"href":"https:\/\/lideb.biol.unlp.edu.ar\/index.php?rest_route=\/wp\/v2\/pages"}],"about":[{"href":"https:\/\/lideb.biol.unlp.edu.ar\/index.php?rest_route=\/wp\/v2\/types\/page"}],"author":[{"embeddable":true,"href":"https:\/\/lideb.biol.unlp.edu.ar\/index.php?rest_route=\/wp\/v2\/users\/4"}],"replies":[{"embeddable":true,"href":"https:\/\/lideb.biol.unlp.edu.ar\/index.php?rest_route=%2Fwp%2Fv2%2Fcomments&post=121"}],"version-history":[{"count":32,"href":"https:\/\/lideb.biol.unlp.edu.ar\/index.php?rest_route=\/wp\/v2\/pages\/121\/revisions"}],"predecessor-version":[{"id":1506,"href":"https:\/\/lideb.biol.unlp.edu.ar\/index.php?rest_route=\/wp\/v2\/pages\/121\/revisions\/1506"}],"up":[{"embeddable":true,"href":"https:\/\/lideb.biol.unlp.edu.ar\/index.php?rest_route=\/wp\/v2\/pages\/93"}],"wp:attachment":[{"href":"https:\/\/lideb.biol.unlp.edu.ar\/index.php?rest_route=%2Fwp%2Fv2%2Fmedia&parent=121"}],"curies":[{"name":"wp","href":"https:\/\/api.w.org\/{rel}","templated":true}]}}